{"id":92,"date":"2017-04-06T15:59:09","date_gmt":"2017-04-06T12:59:09","guid":{"rendered":"http:\/\/http:\/\/http:\/\/http:\/\/www.autohilfe.ag\/pannenhilfe\/?page_id=92"},"modified":"2019-03-07T09:09:02","modified_gmt":"2019-03-07T09:09:02","slug":"transporte","status":"publish","type":"page","link":"https:\/\/www.autohilfe.ag\/pannenhilfe\/transporte\/","title":{"rendered":"TRANSPORTE"},"content":{"rendered":"<p>[vc_row][vc_column width=&#8221;1\/2&#8243;][vc_single_image image=&#8221;680&#8243; img_size=&#8221;full&#8221;][\/vc_column][vc_column width=&#8221;1\/2&#8243;][vc_column_text]<\/p>\n<h3>ab Unfallstelle bis zur gew\u00fcnschten Destination<\/h3>\n<p>Bei uns bleibt niemand auf der Strasse liegen. Wir k\u00fcmmern uns um alle Aspekte einer Pannen- oder Unfallsituation.<\/p>\n<p>Von der Bergung oder dem Transport des defekten Fahrzeuges in die gew\u00fcnschte Garage, bis zum Weitertransport der betroffenen<br \/>\nPersonen zum n\u00e4chsten Bahnhof oder einer gew\u00fcnschten Adresse. Wir sind Anprechpartner f\u00fcr Fahrzeuglenker, Versicherer und<br \/>\nEinsatzkr\u00e4fte und bleiben 24 Stunden erreichbar. [\/vc_column_text][\/vc_column][\/vc_row]<\/p>\n","protected":false},"excerpt":{"rendered":"<p>[vc_row][vc_column width=&#8221;1\/2&#8243;][vc_single_image image=&#8221;680&#8243; img_size=&#8221;full&#8221;][\/vc_column][vc_column width=&#8221;1\/2&#8243;][vc_column_text] ab Unfallstelle bis zur gew\u00fcnschten Destination Bei uns bleibt niemand auf der Strasse liegen. Wir k\u00fcmmern uns um alle Aspekte einer Pannen- oder Unfallsituation. Von der Bergung oder dem Transport des defekten Fahrzeuges in die gew\u00fcnschte Garage, bis zum Weitertransport der betroffenen Personen zum n\u00e4chsten Bahnhof oder einer gew\u00fcnschten Adresse. [&hellip;]<\/p>\n","protected":false},"author":1,"featured_media":0,"parent":0,"menu_order":0,"comment_status":"closed","ping_status":"closed","template":"page-price.php","meta":{"_monsterinsights_skip_tracking":false,"_monsterinsights_sitenote_active":false,"_monsterinsights_sitenote_note":"","_monsterinsights_sitenote_category":0},"_links":{"self":[{"href":"https:\/\/www.autohilfe.ag\/pannenhilfe\/wp-json\/wp\/v2\/pages\/92"}],"collection":[{"href":"https:\/\/www.autohilfe.ag\/pannenhilfe\/wp-json\/wp\/v2\/pages"}],"about":[{"href":"https:\/\/www.autohilfe.ag\/pannenhilfe\/wp-json\/wp\/v2\/types\/page"}],"author":[{"embeddable":true,"href":"https:\/\/www.autohilfe.ag\/pannenhilfe\/wp-json\/wp\/v2\/users\/1"}],"replies":[{"embeddable":true,"href":"https:\/\/www.autohilfe.ag\/pannenhilfe\/wp-json\/wp\/v2\/comments?post=92"}],"version-history":[{"count":31,"href":"https:\/\/www.autohilfe.ag\/pannenhilfe\/wp-json\/wp\/v2\/pages\/92\/revisions"}],"predecessor-version":[{"id":1130,"href":"https:\/\/www.autohilfe.ag\/pannenhilfe\/wp-json\/wp\/v2\/pages\/92\/revisions\/1130"}],"wp:attachment":[{"href":"https:\/\/www.autohilfe.ag\/pannenhilfe\/wp-json\/wp\/v2\/media?parent=92"}],"curies":[{"name":"wp","href":"https:\/\/api.w.org\/{rel}","templated":true}]}}