{"id":65,"date":"2017-04-06T14:05:21","date_gmt":"2017-04-06T11:05:21","guid":{"rendered":"http:\/\/http:\/\/http:\/\/http:\/\/www.autohilfe.ag\/pannenhilfe\/?page_id=65"},"modified":"2022-10-05T09:47:52","modified_gmt":"2022-10-05T09:47:52","slug":"about-us","status":"publish","type":"page","link":"https:\/\/www.autohilfe.ag\/pannenhilfe\/about-us\/","title":{"rendered":"PANNENHILFE"},"content":{"rendered":"<p>[vc_row][vc_column width=&#8221;1\/2&#8243; css=&#8221;.vc_custom_1551949210729{margin-top: 25px !important;}&#8221;][vc_single_image image=&#8221;911&#8243; img_size=&#8221;full&#8221; alignment=&#8221;center&#8221;][\/vc_column][vc_column width=&#8221;1\/2&#8243;][vc_column_text]<\/p>\n<h3>24h Pannenhilfe f\u00fcr die linke Z\u00fcrichsee-Region von Adliswil bis Walenstadt<\/h3>\n<p>Wir leisten rund um die Uhr mobile Pannenhilfe in der Region des linken Z\u00fcrichseeufers.\u00a0Unsere Patrouillenfahrzeuge sind mit der neuesten Technologie und den g\u00e4ngigen Ersatzteilen ausger\u00fcstet, wodurch wir den Schaden meistens unkompliziert\u00a0direkt vor Ort beheben k\u00f6nnen.<\/p>\n<p>Die h\u00e4ufigsten Pannen werden heute durch defekte Batterien oder Reifen verursacht. Unser Umfangreiches Lager erm\u00f6glicht in den meisten F\u00e4llen eine Reparatur vor Ort. Ist eine Reparatur vor Ort nicht machbar, transportieren wir das Fahrzeug in die vom Fahrzeughalter gew\u00fcnschte Werkstatt oder reparieren das Fahrzeug auf Kundenwunsch in unserer eignen Fachwerkstatt.[\/vc_column_text][\/vc_column][\/vc_row][vc_row][vc_column width=&#8221;1\/4&#8243;][vc_single_image image=&#8221;1107&#8243; img_size=&#8221;full&#8221; alignment=&#8221;center&#8221;][\/vc_column][vc_column width=&#8221;1\/4&#8243;][vc_single_image image=&#8221;1110&#8243; img_size=&#8221;full&#8221; alignment=&#8221;center&#8221;][\/vc_column][vc_column width=&#8221;1\/4&#8243;][vc_single_image image=&#8221;1108&#8243; img_size=&#8221;full&#8221; alignment=&#8221;center&#8221;][\/vc_column][vc_column width=&#8221;1\/4&#8243;][vc_single_image image=&#8221;1111&#8243; img_size=&#8221;full&#8221; alignment=&#8221;center&#8221;][\/vc_column][\/vc_row]<\/p>\n","protected":false},"excerpt":{"rendered":"<p>[vc_row][vc_column width=&#8221;1\/2&#8243; css=&#8221;.vc_custom_1551949210729{margin-top: 25px !important;}&#8221;][vc_single_image image=&#8221;911&#8243; img_size=&#8221;full&#8221; alignment=&#8221;center&#8221;][\/vc_column][vc_column width=&#8221;1\/2&#8243;][vc_column_text] 24h Pannenhilfe f\u00fcr die linke Z\u00fcrichsee-Region von Adliswil bis Walenstadt Wir leisten rund um die Uhr mobile Pannenhilfe in der Region des linken Z\u00fcrichseeufers.\u00a0Unsere Patrouillenfahrzeuge sind mit der neuesten Technologie und den g\u00e4ngigen Ersatzteilen ausger\u00fcstet, wodurch wir den Schaden meistens unkompliziert\u00a0direkt vor Ort beheben k\u00f6nnen. Die [&hellip;]<\/p>\n","protected":false},"author":1,"featured_media":0,"parent":0,"menu_order":0,"comment_status":"closed","ping_status":"closed","template":"page-about.php","meta":{"_monsterinsights_skip_tracking":false,"_monsterinsights_sitenote_active":false,"_monsterinsights_sitenote_note":"","_monsterinsights_sitenote_category":0},"_links":{"self":[{"href":"https:\/\/www.autohilfe.ag\/pannenhilfe\/wp-json\/wp\/v2\/pages\/65"}],"collection":[{"href":"https:\/\/www.autohilfe.ag\/pannenhilfe\/wp-json\/wp\/v2\/pages"}],"about":[{"href":"https:\/\/www.autohilfe.ag\/pannenhilfe\/wp-json\/wp\/v2\/types\/page"}],"author":[{"embeddable":true,"href":"https:\/\/www.autohilfe.ag\/pannenhilfe\/wp-json\/wp\/v2\/users\/1"}],"replies":[{"embeddable":true,"href":"https:\/\/www.autohilfe.ag\/pannenhilfe\/wp-json\/wp\/v2\/comments?post=65"}],"version-history":[{"count":15,"href":"https:\/\/www.autohilfe.ag\/pannenhilfe\/wp-json\/wp\/v2\/pages\/65\/revisions"}],"predecessor-version":[{"id":1312,"href":"https:\/\/www.autohilfe.ag\/pannenhilfe\/wp-json\/wp\/v2\/pages\/65\/revisions\/1312"}],"wp:attachment":[{"href":"https:\/\/www.autohilfe.ag\/pannenhilfe\/wp-json\/wp\/v2\/media?parent=65"}],"curies":[{"name":"wp","href":"https:\/\/api.w.org\/{rel}","templated":true}]}}